{"id":12,"date":"2024-01-18T14:56:39","date_gmt":"2024-01-18T14:56:39","guid":{"rendered":"https:\/\/obgsrv.northeurope.cloudapp.azure.com\/baupruef\/?page_id=12"},"modified":"2024-02-24T19:36:03","modified_gmt":"2024-02-24T19:36:03","slug":"start","status":"publish","type":"page","link":"https:\/\/www.baupruef.at\/","title":{"rendered":"Kontakt"},"content":{"rendered":"\n<p><strong>Konformit\u00e4ts\u00ad\u00adbewertungs\u00ad\u00adstelle an der HTBLuVA Villach<\/strong><\/p>\n\n\n\n<p>Tschinowitscher Weg 5 <br>9500 Villach<\/p>\n\n\n\n<p><strong>SEKRETARIAT:<\/strong><br>Montag bis Donnerstag von 8:00-16:00 Uhr <br>Freitag von 8:00-12:00 Uhr<br>Tel.: +43(0)4242 37015  <br>E-mail: office@baupruef.at<\/p>\n\n\n\n<p>Erstellung von Pr\u00fcf- und \u00dcberwachungsberichten f\u00fcr die Erlangung von Zertifikaten wie z.B. CE-Zertifikat f\u00fcr die werkseigene Produktionskontrolle, \u00dcA-Einbauzeichen oder &#8222;gem\u00e4\u00df \u00d6NORM gepr\u00fcft&#8220;, ON-CERT, GRIS, OIB-Richtlinien<br><br>Alle Pr\u00fcf- und Inspektionsberichte werden im akkreditierten Bereich gem\u00e4\u00df Bescheid BMWA 92714\/41-IV\/9\/00 und alle Zertifizierungsberichte gem\u00e4\u00df Bescheid BMWFW-92.716\/0207-l\/12\/2024 durchgef\u00fchrt.<br><br>Dar\u00fcber hinaus werden Einzeluntersuchungen als Grundlage f\u00fcr Gutachten z.B. f\u00fcr die Beurteilung von Schadensf\u00e4llen oder Spezifikationen von Werkstoffen durchgef\u00fchrt.<\/p>\n\n\n\n<p><\/p>\n","protected":false},"excerpt":{"rendered":"<p>Konformit\u00e4ts\u00ad\u00adbewertungs\u00ad\u00adstelle an der HTBLuVA Villach Tschinowitscher Weg 5 9500 Villach SEKRETARIAT:Montag bis Donnerstag von 8:00-16:00 Uhr Freitag von 8:00-12:00 UhrTel.:<\/p>\n","protected":false},"author":1,"featured_media":0,"parent":0,"menu_order":0,"comment_status":"closed","ping_status":"closed","template":"","meta":{"colormag_page_layout":"default_layout","footnotes":""},"class_list":["post-12","page","type-page","status-publish","hentry"],"yoast_head":"<!-- This site is optimized with the Yoast SEO plugin v25.4 - https:\/\/yoast.com\/wordpress\/plugins\/seo\/ -->\n<title>Kontakt - baupruef<\/title>\n<meta name=\"robots\" content=\"index, follow, max-snippet:-1, max-image-preview:large, max-video-preview:-1\" \/>\n<link rel=\"canonical\" href=\"https:\/\/www.baupruef.at\/\" \/>\n<meta property=\"og:locale\" content=\"de_DE\" \/>\n<meta property=\"og:type\" content=\"article\" \/>\n<meta property=\"og:title\" content=\"Kontakt - baupruef\" \/>\n<meta property=\"og:description\" content=\"Konformit\u00e4ts\u00ad\u00adbewertungs\u00ad\u00adstelle an der HTBLuVA Villach Tschinowitscher Weg 5 9500 Villach SEKRETARIAT:Montag bis Donnerstag von 8:00-16:00 Uhr Freitag von 8:00-12:00 UhrTel.:\" \/>\n<meta property=\"og:url\" content=\"https:\/\/www.baupruef.at\/\" \/>\n<meta property=\"og:site_name\" content=\"baupruef\" \/>\n<meta property=\"article:modified_time\" content=\"2024-02-24T19:36:03+00:00\" \/>\n<meta name=\"twitter:card\" content=\"summary_large_image\" \/>\n<meta name=\"twitter:label1\" content=\"Gesch\u00e4tzte Lesezeit\" \/>\n\t<meta name=\"twitter:data1\" content=\"1 Minute\" \/>\n<script type=\"application\/ld+json\" class=\"yoast-schema-graph\">{\"@context\":\"https:\/\/schema.org\",\"@graph\":[{\"@type\":\"WebPage\",\"@id\":\"https:\/\/www.baupruef.at\/\",\"url\":\"https:\/\/www.baupruef.at\/\",\"name\":\"Kontakt - baupruef\",\"isPartOf\":{\"@id\":\"https:\/\/www.baupruef.at\/#website\"},\"datePublished\":\"2024-01-18T14:56:39+00:00\",\"dateModified\":\"2024-02-24T19:36:03+00:00\",\"breadcrumb\":{\"@id\":\"https:\/\/www.baupruef.at\/#breadcrumb\"},\"inLanguage\":\"de-AT\",\"potentialAction\":[{\"@type\":\"ReadAction\",\"target\":[\"https:\/\/www.baupruef.at\/\"]}]},{\"@type\":\"BreadcrumbList\",\"@id\":\"https:\/\/www.baupruef.at\/#breadcrumb\",\"itemListElement\":[{\"@type\":\"ListItem\",\"position\":1,\"name\":\"Startseite\",\"item\":\"https:\/\/www.baupruef.at\/\"},{\"@type\":\"ListItem\",\"position\":2,\"name\":\"Kontakt\"}]},{\"@type\":\"WebSite\",\"@id\":\"https:\/\/www.baupruef.at\/#website\",\"url\":\"https:\/\/www.baupruef.at\/\",\"name\":\"baupruef\",\"description\":\"Akkreditierte Pr\u00fcf-, Inspektions- und Zertifizierungstelle\",\"potentialAction\":[{\"@type\":\"SearchAction\",\"target\":{\"@type\":\"EntryPoint\",\"urlTemplate\":\"https:\/\/www.baupruef.at\/?s={search_term_string}\"},\"query-input\":{\"@type\":\"PropertyValueSpecification\",\"valueRequired\":true,\"valueName\":\"search_term_string\"}}],\"inLanguage\":\"de-AT\"}]}<\/script>\n<!-- \/ Yoast SEO plugin. -->","yoast_head_json":{"title":"Kontakt - baupruef","robots":{"index":"index","follow":"follow","max-snippet":"max-snippet:-1","max-image-preview":"max-image-preview:large","max-video-preview":"max-video-preview:-1"},"canonical":"https:\/\/www.baupruef.at\/","og_locale":"de_DE","og_type":"article","og_title":"Kontakt - baupruef","og_description":"Konformit\u00e4ts\u00ad\u00adbewertungs\u00ad\u00adstelle an der HTBLuVA Villach Tschinowitscher Weg 5 9500 Villach SEKRETARIAT:Montag bis Donnerstag von 8:00-16:00 Uhr Freitag von 8:00-12:00 UhrTel.:","og_url":"https:\/\/www.baupruef.at\/","og_site_name":"baupruef","article_modified_time":"2024-02-24T19:36:03+00:00","twitter_card":"summary_large_image","twitter_misc":{"Gesch\u00e4tzte Lesezeit":"1 Minute"},"schema":{"@context":"https:\/\/schema.org","@graph":[{"@type":"WebPage","@id":"https:\/\/www.baupruef.at\/","url":"https:\/\/www.baupruef.at\/","name":"Kontakt - baupruef","isPartOf":{"@id":"https:\/\/www.baupruef.at\/#website"},"datePublished":"2024-01-18T14:56:39+00:00","dateModified":"2024-02-24T19:36:03+00:00","breadcrumb":{"@id":"https:\/\/www.baupruef.at\/#breadcrumb"},"inLanguage":"de-AT","potentialAction":[{"@type":"ReadAction","target":["https:\/\/www.baupruef.at\/"]}]},{"@type":"BreadcrumbList","@id":"https:\/\/www.baupruef.at\/#breadcrumb","itemListElement":[{"@type":"ListItem","position":1,"name":"Startseite","item":"https:\/\/www.baupruef.at\/"},{"@type":"ListItem","position":2,"name":"Kontakt"}]},{"@type":"WebSite","@id":"https:\/\/www.baupruef.at\/#website","url":"https:\/\/www.baupruef.at\/","name":"baupruef","description":"Akkreditierte Pr\u00fcf-, Inspektions- und Zertifizierungstelle","potentialAction":[{"@type":"SearchAction","target":{"@type":"EntryPoint","urlTemplate":"https:\/\/www.baupruef.at\/?s={search_term_string}"},"query-input":{"@type":"PropertyValueSpecification","valueRequired":true,"valueName":"search_term_string"}}],"inLanguage":"de-AT"}]}},"_links":{"self":[{"href":"https:\/\/www.baupruef.at\/index.php\/wp-json\/wp\/v2\/pages\/12","targetHints":{"allow":["GET"]}}],"collection":[{"href":"https:\/\/www.baupruef.at\/index.php\/wp-json\/wp\/v2\/pages"}],"about":[{"href":"https:\/\/www.baupruef.at\/index.php\/wp-json\/wp\/v2\/types\/page"}],"author":[{"embeddable":true,"href":"https:\/\/www.baupruef.at\/index.php\/wp-json\/wp\/v2\/users\/1"}],"replies":[{"embeddable":true,"href":"https:\/\/www.baupruef.at\/index.php\/wp-json\/wp\/v2\/comments?post=12"}],"version-history":[{"count":12,"href":"https:\/\/www.baupruef.at\/index.php\/wp-json\/wp\/v2\/pages\/12\/revisions"}],"predecessor-version":[{"id":158,"href":"https:\/\/www.baupruef.at\/index.php\/wp-json\/wp\/v2\/pages\/12\/revisions\/158"}],"wp:attachment":[{"href":"https:\/\/www.baupruef.at\/index.php\/wp-json\/wp\/v2\/media?parent=12"}],"curies":[{"name":"wp","href":"https:\/\/api.w.org\/{rel}","templated":true}]}}