{"id":2,"date":"2024-01-18T10:13:48","date_gmt":"2024-01-18T10:13:48","guid":{"rendered":"https:\/\/obgsrv.northeurope.cloudapp.azure.com\/baupruef\/?page_id=2"},"modified":"2024-01-24T11:33:31","modified_gmt":"2024-01-24T11:33:31","slug":"sample-page","status":"publish","type":"page","link":"https:\/\/www.baupruef.at\/index.php\/sample-page\/","title":{"rendered":"Leistungsumfang"},"content":{"rendered":"\n<p>Leistungen werden gem\u00e4\u00df der Tarifliste der Versuchsanstalt abgerechnet. Kontaktieren Sie uns, wenn Sie einen Kostenvoranschlag oder detaillierte Ausk\u00fcnfte zu Preisen, zum Ablauf von Pr\u00fcfungen und Inspektionen oder dem Verfahren zur Erlangung von Zertifikaten w\u00fcnschen!<\/p>\n\n\n\n<h4 class=\"wp-block-heading\"><strong>Bauteil- und Bauelementpr\u00fcfung:<\/strong><\/h4>\n\n\n\n<ul class=\"wp-block-list\">\n<li>Aufs\u00e4tze und Abdeckungen von Verkehrsfl\u00e4chen<\/li>\n\n\n\n<li>Betonrohre und dazugeh\u00f6rende Formst\u00fccke aus Beton, Stahlfaserbeton und Stahlbeton<\/li>\n\n\n\n<li>Mauersteine aus gebranntem Ton, Mauersteine aus Beton, Betonwerksteine<\/li>\n\n\n\n<li>Mantelsteine<\/li>\n\n\n\n<li>Untersuchung von Oberfl\u00e4chen von Betontragwerken<\/li>\n\n\n\n<li>Estricharbeiten<\/li>\n\n\n\n<li>Platten und Steine aus Beton<\/li>\n\n\n\n<li>Bordsteine aus Betonplatten, Steine und Bordsteine aus Naturstein<\/li>\n<\/ul>\n\n\n\n<h4 class=\"wp-block-heading\"><strong>Baustoffpr\u00fcfungen:<\/strong><\/h4>\n\n\n\n<ul class=\"wp-block-list\">\n<li>Metallische Werkstoffe<\/li>\n\n\n\n<li>Pr\u00fcfverfahren f\u00fcr allgemeine, geometrische, thermische, mechanische und chemische Eigenschaften von Gesteinsk\u00f6rnungen<\/li>\n\n\n\n<li>Betonpr\u00fcfungen<\/li>\n\n\n\n<li>Pr\u00fcfungen von Natursteinen<\/li>\n\n\n\n<li>Pr\u00fcfungen von Wasserbausteinen<\/li>\n<\/ul>\n\n\n\n<h4 class=\"wp-block-heading\"><strong>Bodenpr\u00fcfungen:<\/strong><\/h4>\n\n\n\n<ul class=\"wp-block-list\">\n<li>Bestimmung des Wassergehalts<\/li>\n\n\n\n<li>Untersuchung von Bodenproben<\/li>\n\n\n\n<li>Lastplattenversuche<\/li>\n\n\n\n<li>Bestimmung der Proctordichte<br><\/li>\n<\/ul>\n\n\n\n<h4 class=\"wp-block-heading\"><strong>\u00dcberwachungen und Zertifizierungen:<\/strong><\/h4>\n\n\n\n<ul class=\"wp-block-list\">\n<li>Transportbetonwerke<\/li>\n\n\n\n<li>Abscheideranlagen f\u00fcr Leichtfl\u00fcssigkeiten<\/li>\n\n\n\n<li>Asphaltmischanlagen<\/li>\n\n\n\n<li>Aufs\u00e4tze und Abdeckungen f\u00fcr Verkehrsfl\u00e4chen, Betonrohre, Stahlbetonrohre und zugeh\u00f6rige Formst\u00fccke<\/li>\n\n\n\n<li>Gesteinsk\u00f6rnungen f\u00fcr Asphalt und Oberfl\u00e4chenbehandlungen f\u00fcr Stra\u00dfen, Flugpl\u00e4tze und anderen Verkehrsfl\u00e4chen<\/li>\n\n\n\n<li>Gesteinsk\u00f6rnungen f\u00fcr ungebundene und hydraulisch gebundene Gemische f\u00fcr Ingenieur-und Stra\u00dfenbau<\/li>\n\n\n\n<li>Gesteinsk\u00f6rnungen f\u00fcr Gleisschotter<\/li>\n\n\n\n<li>Gesteinsk\u00f6rnungen f\u00fcr Wasserbau<\/li>\n\n\n\n<li>Gesteinsk\u00f6rnungen f\u00fcr Beton<\/li>\n\n\n\n<li>Produktionskontrolle der werksm\u00e4\u00dfigen Herstellung von Fertigteilen aus Beton, Stahlbeton und Spannbeton<\/li>\n\n\n\n<li>Mantelsteine<\/li>\n<\/ul>\n","protected":false},"excerpt":{"rendered":"<p>Leistungen werden gem\u00e4\u00df der Tarifliste der Versuchsanstalt abgerechnet. Kontaktieren Sie uns, wenn Sie einen Kostenvoranschlag oder detaillierte Ausk\u00fcnfte zu Preisen,<\/p>\n","protected":false},"author":1,"featured_media":0,"parent":0,"menu_order":0,"comment_status":"closed","ping_status":"open","template":"","meta":{"colormag_page_layout":"default_layout","footnotes":""},"class_list":["post-2","page","type-page","status-publish","hentry"],"yoast_head":"<!-- This site is optimized with the Yoast SEO plugin v25.4 - https:\/\/yoast.com\/wordpress\/plugins\/seo\/ -->\n<title>Leistungsumfang - baupruef<\/title>\n<meta name=\"robots\" content=\"index, follow, max-snippet:-1, max-image-preview:large, max-video-preview:-1\" \/>\n<link rel=\"canonical\" href=\"https:\/\/www.baupruef.at\/index.php\/sample-page\/\" \/>\n<meta property=\"og:locale\" content=\"de_DE\" \/>\n<meta property=\"og:type\" content=\"article\" \/>\n<meta property=\"og:title\" content=\"Leistungsumfang - baupruef\" \/>\n<meta property=\"og:description\" content=\"Leistungen werden gem\u00e4\u00df der Tarifliste der Versuchsanstalt abgerechnet. Kontaktieren Sie uns, wenn Sie einen Kostenvoranschlag oder detaillierte Ausk\u00fcnfte zu Preisen,\" \/>\n<meta property=\"og:url\" content=\"https:\/\/www.baupruef.at\/index.php\/sample-page\/\" \/>\n<meta property=\"og:site_name\" content=\"baupruef\" \/>\n<meta property=\"article:modified_time\" content=\"2024-01-24T11:33:31+00:00\" \/>\n<meta name=\"twitter:card\" content=\"summary_large_image\" \/>\n<meta name=\"twitter:label1\" content=\"Gesch\u00e4tzte Lesezeit\" \/>\n\t<meta name=\"twitter:data1\" content=\"1 Minute\" \/>\n<script type=\"application\/ld+json\" class=\"yoast-schema-graph\">{\"@context\":\"https:\/\/schema.org\",\"@graph\":[{\"@type\":\"WebPage\",\"@id\":\"https:\/\/www.baupruef.at\/index.php\/sample-page\/\",\"url\":\"https:\/\/www.baupruef.at\/index.php\/sample-page\/\",\"name\":\"Leistungsumfang - baupruef\",\"isPartOf\":{\"@id\":\"https:\/\/www.baupruef.at\/#website\"},\"datePublished\":\"2024-01-18T10:13:48+00:00\",\"dateModified\":\"2024-01-24T11:33:31+00:00\",\"breadcrumb\":{\"@id\":\"https:\/\/www.baupruef.at\/index.php\/sample-page\/#breadcrumb\"},\"inLanguage\":\"de-AT\",\"potentialAction\":[{\"@type\":\"ReadAction\",\"target\":[\"https:\/\/www.baupruef.at\/index.php\/sample-page\/\"]}]},{\"@type\":\"BreadcrumbList\",\"@id\":\"https:\/\/www.baupruef.at\/index.php\/sample-page\/#breadcrumb\",\"itemListElement\":[{\"@type\":\"ListItem\",\"position\":1,\"name\":\"Startseite\",\"item\":\"https:\/\/www.baupruef.at\/\"},{\"@type\":\"ListItem\",\"position\":2,\"name\":\"Leistungsumfang\"}]},{\"@type\":\"WebSite\",\"@id\":\"https:\/\/www.baupruef.at\/#website\",\"url\":\"https:\/\/www.baupruef.at\/\",\"name\":\"baupruef\",\"description\":\"Akkreditierte Pr\u00fcf-, Inspektions- und Zertifizierungstelle\",\"potentialAction\":[{\"@type\":\"SearchAction\",\"target\":{\"@type\":\"EntryPoint\",\"urlTemplate\":\"https:\/\/www.baupruef.at\/?s={search_term_string}\"},\"query-input\":{\"@type\":\"PropertyValueSpecification\",\"valueRequired\":true,\"valueName\":\"search_term_string\"}}],\"inLanguage\":\"de-AT\"}]}<\/script>\n<!-- \/ Yoast SEO plugin. -->","yoast_head_json":{"title":"Leistungsumfang - baupruef","robots":{"index":"index","follow":"follow","max-snippet":"max-snippet:-1","max-image-preview":"max-image-preview:large","max-video-preview":"max-video-preview:-1"},"canonical":"https:\/\/www.baupruef.at\/index.php\/sample-page\/","og_locale":"de_DE","og_type":"article","og_title":"Leistungsumfang - baupruef","og_description":"Leistungen werden gem\u00e4\u00df der Tarifliste der Versuchsanstalt abgerechnet. Kontaktieren Sie uns, wenn Sie einen Kostenvoranschlag oder detaillierte Ausk\u00fcnfte zu Preisen,","og_url":"https:\/\/www.baupruef.at\/index.php\/sample-page\/","og_site_name":"baupruef","article_modified_time":"2024-01-24T11:33:31+00:00","twitter_card":"summary_large_image","twitter_misc":{"Gesch\u00e4tzte Lesezeit":"1 Minute"},"schema":{"@context":"https:\/\/schema.org","@graph":[{"@type":"WebPage","@id":"https:\/\/www.baupruef.at\/index.php\/sample-page\/","url":"https:\/\/www.baupruef.at\/index.php\/sample-page\/","name":"Leistungsumfang - baupruef","isPartOf":{"@id":"https:\/\/www.baupruef.at\/#website"},"datePublished":"2024-01-18T10:13:48+00:00","dateModified":"2024-01-24T11:33:31+00:00","breadcrumb":{"@id":"https:\/\/www.baupruef.at\/index.php\/sample-page\/#breadcrumb"},"inLanguage":"de-AT","potentialAction":[{"@type":"ReadAction","target":["https:\/\/www.baupruef.at\/index.php\/sample-page\/"]}]},{"@type":"BreadcrumbList","@id":"https:\/\/www.baupruef.at\/index.php\/sample-page\/#breadcrumb","itemListElement":[{"@type":"ListItem","position":1,"name":"Startseite","item":"https:\/\/www.baupruef.at\/"},{"@type":"ListItem","position":2,"name":"Leistungsumfang"}]},{"@type":"WebSite","@id":"https:\/\/www.baupruef.at\/#website","url":"https:\/\/www.baupruef.at\/","name":"baupruef","description":"Akkreditierte Pr\u00fcf-, Inspektions- und Zertifizierungstelle","potentialAction":[{"@type":"SearchAction","target":{"@type":"EntryPoint","urlTemplate":"https:\/\/www.baupruef.at\/?s={search_term_string}"},"query-input":{"@type":"PropertyValueSpecification","valueRequired":true,"valueName":"search_term_string"}}],"inLanguage":"de-AT"}]}},"_links":{"self":[{"href":"https:\/\/www.baupruef.at\/index.php\/wp-json\/wp\/v2\/pages\/2","targetHints":{"allow":["GET"]}}],"collection":[{"href":"https:\/\/www.baupruef.at\/index.php\/wp-json\/wp\/v2\/pages"}],"about":[{"href":"https:\/\/www.baupruef.at\/index.php\/wp-json\/wp\/v2\/types\/page"}],"author":[{"embeddable":true,"href":"https:\/\/www.baupruef.at\/index.php\/wp-json\/wp\/v2\/users\/1"}],"replies":[{"embeddable":true,"href":"https:\/\/www.baupruef.at\/index.php\/wp-json\/wp\/v2\/comments?post=2"}],"version-history":[{"count":12,"href":"https:\/\/www.baupruef.at\/index.php\/wp-json\/wp\/v2\/pages\/2\/revisions"}],"predecessor-version":[{"id":106,"href":"https:\/\/www.baupruef.at\/index.php\/wp-json\/wp\/v2\/pages\/2\/revisions\/106"}],"wp:attachment":[{"href":"https:\/\/www.baupruef.at\/index.php\/wp-json\/wp\/v2\/media?parent=2"}],"curies":[{"name":"wp","href":"https:\/\/api.w.org\/{rel}","templated":true}]}}