{"id":38,"date":"2024-01-22T11:10:44","date_gmt":"2024-01-22T11:10:44","guid":{"rendered":"https:\/\/obgsrv.northeurope.cloudapp.azure.com\/baupruef\/?page_id=38"},"modified":"2025-03-12T11:52:49","modified_gmt":"2025-03-12T11:52:49","slug":"akkreditierungsumfang","status":"publish","type":"page","link":"https:\/\/www.baupruef.at\/index.php\/akkreditierungsumfang\/","title":{"rendered":"Akkreditierungsumfang"},"content":{"rendered":"\n<p>Die Versuchsanstalt an der HTBLuVA Villach ist akkreditiert als<br><strong>Pr\u00fcf- und Inspektionsstelle Nr. 0122 gem\u00e4\u00df Bescheid BMWA 92714\/41-IV\/9\/00<\/strong><br>sowie als<br><strong>Zertifizierungsstelle Nr. 0963 gem\u00e4\u00df Bescheid BMWFW-92.716\/0207-l\/12\/2024<\/strong><\/p>\n\n\n\n<p>Den aktuellen Akkreditierungsumfang k\u00f6nnen Sie der Homepage der Akkreditierung Austria entnehmen:<\/p>\n\n\n\n<p><a href=\"https:\/\/akkreditierung-austria.gv.at\/overview\">Abfrage Unternehmen<\/a><\/p>\n\n\n\n<p>Geben sie dort unter Details im Feld <em>&#8222;Akkreditierte Stelle&#8220;<\/em>  <strong>0122<\/strong> ein und w\u00e4hlen Sie im Feld <em>&#8222;Akkreditiertes Programm&#8220;<\/em>  <strong>Pr\u00fcflaboratorium<\/strong> bzw <strong>Inspektionsstelle<\/strong> aus.<\/p>\n\n\n\n<p>F\u00fcr die Zertifizierungsstelle geben sie im Feld <em>&#8222;Akkreditierte Stelle&#8220;<\/em>  <strong>0963<\/strong> ein und w\u00e4hlen sie unter &#8222;Akkreditiertes Programm&#8220; <strong>Produktzertifizierungsstelle<\/strong> aus.<\/p>\n\n\n\n<p><\/p>\n","protected":false},"excerpt":{"rendered":"<p>Die Versuchsanstalt an der HTBLuVA Villach ist akkreditiert alsPr\u00fcf- und Inspektionsstelle Nr. 0122 gem\u00e4\u00df Bescheid BMWA 92714\/41-IV\/9\/00sowie alsZertifizierungsstelle Nr. 0963<\/p>\n","protected":false},"author":1,"featured_media":0,"parent":0,"menu_order":0,"comment_status":"closed","ping_status":"closed","template":"","meta":{"colormag_page_layout":"default_layout","footnotes":""},"class_list":["post-38","page","type-page","status-publish","hentry"],"yoast_head":"<!-- This site is optimized with the Yoast SEO plugin v25.4 - https:\/\/yoast.com\/wordpress\/plugins\/seo\/ -->\n<title>Akkreditierungsumfang - baupruef<\/title>\n<meta name=\"robots\" content=\"index, follow, max-snippet:-1, max-image-preview:large, max-video-preview:-1\" \/>\n<link rel=\"canonical\" href=\"https:\/\/www.baupruef.at\/index.php\/akkreditierungsumfang\/\" \/>\n<meta property=\"og:locale\" content=\"de_DE\" \/>\n<meta property=\"og:type\" content=\"article\" \/>\n<meta property=\"og:title\" content=\"Akkreditierungsumfang - baupruef\" \/>\n<meta property=\"og:description\" content=\"Die Versuchsanstalt an der HTBLuVA Villach ist akkreditiert alsPr\u00fcf- und Inspektionsstelle Nr. 0122 gem\u00e4\u00df Bescheid BMWA 92714\/41-IV\/9\/00sowie alsZertifizierungsstelle Nr. 0963\" \/>\n<meta property=\"og:url\" content=\"https:\/\/www.baupruef.at\/index.php\/akkreditierungsumfang\/\" \/>\n<meta property=\"og:site_name\" content=\"baupruef\" \/>\n<meta property=\"article:modified_time\" content=\"2025-03-12T11:52:49+00:00\" \/>\n<meta name=\"twitter:card\" content=\"summary_large_image\" \/>\n<meta name=\"twitter:label1\" content=\"Gesch\u00e4tzte Lesezeit\" \/>\n\t<meta name=\"twitter:data1\" content=\"1 Minute\" \/>\n<script type=\"application\/ld+json\" class=\"yoast-schema-graph\">{\"@context\":\"https:\/\/schema.org\",\"@graph\":[{\"@type\":\"WebPage\",\"@id\":\"https:\/\/www.baupruef.at\/index.php\/akkreditierungsumfang\/\",\"url\":\"https:\/\/www.baupruef.at\/index.php\/akkreditierungsumfang\/\",\"name\":\"Akkreditierungsumfang - baupruef\",\"isPartOf\":{\"@id\":\"https:\/\/www.baupruef.at\/#website\"},\"datePublished\":\"2024-01-22T11:10:44+00:00\",\"dateModified\":\"2025-03-12T11:52:49+00:00\",\"breadcrumb\":{\"@id\":\"https:\/\/www.baupruef.at\/index.php\/akkreditierungsumfang\/#breadcrumb\"},\"inLanguage\":\"de-AT\",\"potentialAction\":[{\"@type\":\"ReadAction\",\"target\":[\"https:\/\/www.baupruef.at\/index.php\/akkreditierungsumfang\/\"]}]},{\"@type\":\"BreadcrumbList\",\"@id\":\"https:\/\/www.baupruef.at\/index.php\/akkreditierungsumfang\/#breadcrumb\",\"itemListElement\":[{\"@type\":\"ListItem\",\"position\":1,\"name\":\"Startseite\",\"item\":\"https:\/\/www.baupruef.at\/\"},{\"@type\":\"ListItem\",\"position\":2,\"name\":\"Akkreditierungsumfang\"}]},{\"@type\":\"WebSite\",\"@id\":\"https:\/\/www.baupruef.at\/#website\",\"url\":\"https:\/\/www.baupruef.at\/\",\"name\":\"baupruef\",\"description\":\"Akkreditierte Pr\u00fcf-, Inspektions- und Zertifizierungstelle\",\"potentialAction\":[{\"@type\":\"SearchAction\",\"target\":{\"@type\":\"EntryPoint\",\"urlTemplate\":\"https:\/\/www.baupruef.at\/?s={search_term_string}\"},\"query-input\":{\"@type\":\"PropertyValueSpecification\",\"valueRequired\":true,\"valueName\":\"search_term_string\"}}],\"inLanguage\":\"de-AT\"}]}<\/script>\n<!-- \/ Yoast SEO plugin. -->","yoast_head_json":{"title":"Akkreditierungsumfang - baupruef","robots":{"index":"index","follow":"follow","max-snippet":"max-snippet:-1","max-image-preview":"max-image-preview:large","max-video-preview":"max-video-preview:-1"},"canonical":"https:\/\/www.baupruef.at\/index.php\/akkreditierungsumfang\/","og_locale":"de_DE","og_type":"article","og_title":"Akkreditierungsumfang - baupruef","og_description":"Die Versuchsanstalt an der HTBLuVA Villach ist akkreditiert alsPr\u00fcf- und Inspektionsstelle Nr. 0122 gem\u00e4\u00df Bescheid BMWA 92714\/41-IV\/9\/00sowie alsZertifizierungsstelle Nr. 0963","og_url":"https:\/\/www.baupruef.at\/index.php\/akkreditierungsumfang\/","og_site_name":"baupruef","article_modified_time":"2025-03-12T11:52:49+00:00","twitter_card":"summary_large_image","twitter_misc":{"Gesch\u00e4tzte Lesezeit":"1 Minute"},"schema":{"@context":"https:\/\/schema.org","@graph":[{"@type":"WebPage","@id":"https:\/\/www.baupruef.at\/index.php\/akkreditierungsumfang\/","url":"https:\/\/www.baupruef.at\/index.php\/akkreditierungsumfang\/","name":"Akkreditierungsumfang - baupruef","isPartOf":{"@id":"https:\/\/www.baupruef.at\/#website"},"datePublished":"2024-01-22T11:10:44+00:00","dateModified":"2025-03-12T11:52:49+00:00","breadcrumb":{"@id":"https:\/\/www.baupruef.at\/index.php\/akkreditierungsumfang\/#breadcrumb"},"inLanguage":"de-AT","potentialAction":[{"@type":"ReadAction","target":["https:\/\/www.baupruef.at\/index.php\/akkreditierungsumfang\/"]}]},{"@type":"BreadcrumbList","@id":"https:\/\/www.baupruef.at\/index.php\/akkreditierungsumfang\/#breadcrumb","itemListElement":[{"@type":"ListItem","position":1,"name":"Startseite","item":"https:\/\/www.baupruef.at\/"},{"@type":"ListItem","position":2,"name":"Akkreditierungsumfang"}]},{"@type":"WebSite","@id":"https:\/\/www.baupruef.at\/#website","url":"https:\/\/www.baupruef.at\/","name":"baupruef","description":"Akkreditierte Pr\u00fcf-, Inspektions- und Zertifizierungstelle","potentialAction":[{"@type":"SearchAction","target":{"@type":"EntryPoint","urlTemplate":"https:\/\/www.baupruef.at\/?s={search_term_string}"},"query-input":{"@type":"PropertyValueSpecification","valueRequired":true,"valueName":"search_term_string"}}],"inLanguage":"de-AT"}]}},"_links":{"self":[{"href":"https:\/\/www.baupruef.at\/index.php\/wp-json\/wp\/v2\/pages\/38","targetHints":{"allow":["GET"]}}],"collection":[{"href":"https:\/\/www.baupruef.at\/index.php\/wp-json\/wp\/v2\/pages"}],"about":[{"href":"https:\/\/www.baupruef.at\/index.php\/wp-json\/wp\/v2\/types\/page"}],"author":[{"embeddable":true,"href":"https:\/\/www.baupruef.at\/index.php\/wp-json\/wp\/v2\/users\/1"}],"replies":[{"embeddable":true,"href":"https:\/\/www.baupruef.at\/index.php\/wp-json\/wp\/v2\/comments?post=38"}],"version-history":[{"count":18,"href":"https:\/\/www.baupruef.at\/index.php\/wp-json\/wp\/v2\/pages\/38\/revisions"}],"predecessor-version":[{"id":262,"href":"https:\/\/www.baupruef.at\/index.php\/wp-json\/wp\/v2\/pages\/38\/revisions\/262"}],"wp:attachment":[{"href":"https:\/\/www.baupruef.at\/index.php\/wp-json\/wp\/v2\/media?parent=38"}],"curies":[{"name":"wp","href":"https:\/\/api.w.org\/{rel}","templated":true}]}}